{"id":2,"date":"2010-11-21T16:15:16","date_gmt":"2010-11-21T16:15:16","guid":{"rendered":"http:\/\/www.mcde.gr\/wp\/?page_id=2"},"modified":"2018-10-31T12:19:44","modified_gmt":"2018-10-31T09:19:44","slug":"about","status":"publish","type":"page","link":"https:\/\/www.libertas-ichr.gr\/fr\/about\/","title":{"rendered":"Historique"},"content":{"rendered":"<p><em>Par le fondateur du Centre International des Droits de l\u2019Homme LIBERTAS, Prof. Petros J. Pararas.<\/em><\/p>\n<p style=\"text-align: justify;\">En tant que Directeur du Centre LIBERTAS, une association \u00e0 but non lucratif, je voudrais vous mettre au courant de notre \u0153uvre scientifique.<br \/>\nIl y a quelques ann\u00e9es, un groupe informel d\u2019acad\u00e9miciens, professeurs, juges et avocats fut cr\u00e9\u00e9 en Europe s\u2019occupant professionnellement ou th\u00e9oriquement des droits de l\u2019Homme.<br \/>\nCe groupe informel, dans lequel je participe en repr\u00e9sentant officieusement notre pays, la Gr\u00e8ce, a pris l\u2019initiative de l\u2019organisation d\u2019un Colloque annuel sur les Droits de l\u2019Homme dont l\u2019objectif serait l\u2019observation du niveau de protection de chaque droit individuel et notamment : a) \u00e9valuer les textes juridiques internationaux et r\u00e9gionaux qui sont en vigueur, comme par exemple les Conventions des Nations Unies et les activit\u00e9s du Conseil de l\u2019Europe b) pr\u00e9senter le niveau de protection du droit dans les diff\u00e9rents pays (l\u00e9gislation nationale et jurisprudence) afin de pouvoir adapter les r\u00e9glementations r\u00e9ussies \u00e0 d\u2019autres pays et c) fixer les actions et les objectifs de l\u2019avenir.<br \/>\nSuite \u00e0 ma proposition, il a \u00e9t\u00e9 d\u00e9cid\u00e9 d\u2019organiser ce Colloque annuel en Gr\u00e8ce et plus pr\u00e9cis\u00e9ment \u00e0 Ath\u00e8nes. Par ailleurs, l\u2019Institut International des Droits de l\u2019Homme \u2013 Ren\u00e9 Cassin qui si\u00e8ge \u00e0 Strasbourg a d\u00e9cid\u00e9 de soutenir ce colloque en envoyant d\u00e9sormais un d\u00e9l\u00e9gu\u00e9. Ainsi, la revue juridique \u00abRevue Hell\u00e9nique des Droits de l\u2019Homme\u00bb, la \u00abRevue trimestrielle des Droits de l\u2019Homme\u00bb de la Belgique et l\u2019Institut International Ren\u00e9 Cassin sont responsables de l\u2019organisation du Colloque.<\/p>\n<p style=\"text-align: justify;\">Neuf Colloques ont d\u00e9j\u00e0 eu lieu \u00e0 Ath\u00e8nes avec un grand succ\u00e8s. Leurs sujets sont les suivants\u00a0: \u00abLe droit de l\u2019homme dans un environnement sain\u00bb, \u00abSoci\u00e9t\u00e9 d\u00e9mocratique et droits de l\u2019Homme\u00bb, \u00abDiversit\u00e9 culturelle et droits de l\u2019Homme\u00bb, \u00abConflits des droits de l\u2019Homme\u00bb, \u00abReligions \u00e0 l\u2019\u00e9preuve des droits de l\u2019Homme\u00bb, \u00abImmigration en Europe et Droits de l\u2019Homme\u00bb, \u00abAssociation Internationale de la Loi Constitutionelle\u00bb, \u00abBio\u00e9thique\u00bb, \u00abDialogue des juges\u00bb. Le 10\u00e8me Colloque est prevu pour l&rsquo;ann\u00e9e 2019.<\/p>\n<p>[peekaboo_link]<strong>NOTICE BIOGRAPHIQUE<\/strong>[\/peekaboo_link]<\/p>\n<p>[peekaboo_content]<\/p>\n<p>N\u00e9 au Pir\u00e9e le 24 mars 1938.<br \/>\n\u00c9tudes secondaires \u00e0 l\u2019\u00c9cole Exp\u00e9rimentale de l\u2019Universit\u00e9 d\u2019Ath\u00e8nes.<br \/>\nBaccalaur\u00e9at en 1956.<br \/>\n\u00c9tudes universitaires \u00e0 la facult\u00e9 de Droit de l\u2019Universit\u00e9 d\u2019Ath\u00e8nes (1956-1961).<br \/>\n1964-1965, assistant \u00e0 la facult\u00e9 de Droit d\u2019Ath\u00e8nes (aupr\u00e8s du prof. Ph. Vegl\u00e9ris).<br \/>\nEn 1964, apr\u00e8s avoir pass\u00e9 un concours, j\u2019ai eu une bourse de trois ans, de la part de la Fondation des Bourses d\u2019\u00c9tat, pour effectuer des \u00e9tudes postuniversitaires \u00e0 la facult\u00e9 de Droit de Paris (droit public). En 1967 j\u2019ai obtenu le \u00ab Dipl\u00f4me des Etudes Sup\u00e9rieures \u00bb (D.E.S.).<br \/>\nEn 1968, r\u00e9ussite au concours et entr\u00e9e au Conseil d\u2019\u00c9tat comme Auditeur, 1974 promotion au grade de Ma\u00eetre des requ\u00eates, 1985 Conseiller d\u2019\u00c9tat.<br \/>\nDe juillet 1982 au septembre 1983 s\u00e9jour \u00e0 Munich o\u00f9 j\u2019ai r\u00e9dig\u00e9 le \u00abDroit parlementaire hell\u00e9nique\u00bb (= Corpus, Vol. II, 1985).<br \/>\nDepuis 1998 jusqu\u2019 \u00e0 2005, professeur de droit constitutionnel \u00e0 l\u2019Universit\u00e9 D\u00e9mocrite de Thrace (Komotini).<br \/>\n2004, vice-pr\u00e9sident au Conseil d\u2019\u00c9tat.<br \/>\n2005, fin de carri\u00e8re (limite d\u2019\u00e2ge).<br \/>\nMari\u00e9 avec Nadia, deux fils, Jean et Alexis, avocats aupr\u00e8s du Conseil d\u2019\u00c9tat.<\/p>\n<p><strong>Activit\u00e9s scientifiques <\/strong><\/p>\n<p>Depuis 1976, membre fondateur et membre du Conseil d\u2019administration de la Fondation Michel Stasinopoulos, qui, \u00e0 l\u2019\u00e9poque \u00e9tait Pr\u00e9sident de la R\u00e9publique.<br \/>\n1979, membre fondateur et membre du Conseil d\u2019administration de l\u2019Institut Hell\u00e9nique des Sciences Administratives (Pr\u00e9s. Ph. Vegl\u00e9ris).<br \/>\n1981, soutenance de ma th\u00e8se \u00e0 la facult\u00e9 de Droit d\u2019Ath\u00e8nes ayant comme sujet: \u00ab Les actes de contenu l\u00e9gislatif du Pr\u00e9sident de la R\u00e9publique. Interpr\u00e9tation de l\u2019article 44 \u00a7 1 de la Constitution hell\u00e9nique \u00bb.<br \/>\n1982, membre fondateur et membre du Conseil d\u2019administration de l\u2019Association des Constitutionnalistes Grecs.<br \/>\nDe 1975 \u00e0 1999, membre du Comit\u00e9 scientifique de la Revue juridique \u00ab La Constitution \u00bb aux \u00e9ditions Ant. N. Sakkoulas.<br \/>\nDe 1992 \u00e0 2001, pr\u00e9sident de l\u2019Association des Juristes Grecs pour la protection des int\u00e9r\u00eats financiers de la Communaut\u00e9.<br \/>\nDepuis 1999, Directeur de la \u00ab Revue hell\u00e9nique des Droits de l\u2019Homme \u00bb toujours chez Ant. N. Sakkoulas.<br \/>\nDepuis 2005, Pr\u00e9sident de la Commission Centrale de L\u00e9gislation, organe coll\u00e9gial au sein du Secr\u00e9tariat G\u00e9n\u00e9ral au Gouvernement.<br \/>\nDepuis 2005, co-organisateur, avec le pr\u00e9cieux support du Ma\u00eetre Pierre Lambert, d\u2019un Colloque International des Droits de l\u2019Homme qui se tient chaque ann\u00e9e \u00e0 Ath\u00e8nes.<br \/>\nDepuis 2006, co\u00e9diteur, avec Pierre Lambert, de l\u2019Annuaire International des Droits de l\u2019Homme, Volumes I-III, aux \u00e9ditions Sakkoulas \/ Bruylant.<br \/>\nDepuis 2007, membre du Comit\u00e9 National pour les Droits de l\u2019Homme.<br \/>\nMars 2008, Juge ad hoc, d\u00e9sign\u00e9 par le Gouvernement grec, \u00e0 la Cour europ\u00e9enne des Droits de l\u2019Homme.<br \/>\n[\/peekaboo_content]<\/p>","protected":false},"excerpt":{"rendered":"<p>Par le fondateur du Centre International des Droits de l\u2019Homme LIBERTAS, Prof. Petros J. Pararas. En tant que Directeur du Centre LIBERTAS, une association \u00e0 but non lucratif, je voudrais [&hellip;]<\/p>\n","protected":false},"author":3,"featured_media":0,"parent":0,"menu_order":0,"comment_status":"open","ping_status":"open","template":"","meta":{"footnotes":""},"class_list":["post-2","page","type-page","status-publish","hentry"],"_links":{"self":[{"href":"https:\/\/www.libertas-ichr.gr\/fr\/wp-json\/wp\/v2\/pages\/2","targetHints":{"allow":["GET"]}}],"collection":[{"href":"https:\/\/www.libertas-ichr.gr\/fr\/wp-json\/wp\/v2\/pages"}],"about":[{"href":"https:\/\/www.libertas-ichr.gr\/fr\/wp-json\/wp\/v2\/types\/page"}],"author":[{"embeddable":true,"href":"https:\/\/www.libertas-ichr.gr\/fr\/wp-json\/wp\/v2\/users\/3"}],"replies":[{"embeddable":true,"href":"https:\/\/www.libertas-ichr.gr\/fr\/wp-json\/wp\/v2\/comments?post=2"}],"version-history":[{"count":29,"href":"https:\/\/www.libertas-ichr.gr\/fr\/wp-json\/wp\/v2\/pages\/2\/revisions"}],"predecessor-version":[{"id":1252,"href":"https:\/\/www.libertas-ichr.gr\/fr\/wp-json\/wp\/v2\/pages\/2\/revisions\/1252"}],"wp:attachment":[{"href":"https:\/\/www.libertas-ichr.gr\/fr\/wp-json\/wp\/v2\/media?parent=2"}],"curies":[{"name":"wp","href":"https:\/\/api.w.org\/{rel}","templated":true}]}}